{"id":3,"date":"2024-05-08T07:33:05","date_gmt":"2024-05-08T07:33:05","guid":{"rendered":"https:\/\/vittinonde.com\/?page_id=3"},"modified":"2024-12-30T15:00:12","modified_gmt":"2024-12-30T15:00:12","slug":"privacy-policy","status":"publish","type":"page","link":"https:\/\/vittinonde.com\/?page_id=3","title":{"rendered":"Gizlilik Politikas\u0131"},"content":{"rendered":"<p><b>Ki\u015fisel verilerin korunmas\u0131<\/b><br \/>\nKi\u015fisel veriler girildi\u011finde, sa\u011fland\u0131\u011f\u0131nda veya i\u015flendi\u011finde koruma \u00f6nlemleri al\u0131n\u0131r.<\/p>\n<p>Ki\u015fisel bilgilerin a\u00e7\u0131klanmas\u0131 ve \u00fc\u00e7\u00fcnc\u00fc taraflara aktar\u0131lmas\u0131<\/p>\n<p>Ki\u015fisel bilgileriniz yaln\u0131zca a\u015fa\u011f\u0131daki nedenlerle gerekli olmas\u0131 halinde if\u015fa edilebilir: a) yasalara veya yasal sistemimizin gerekliliklerine uymak; b) haklar\u0131m\u0131z\u0131 veya m\u00fclkiyetimizi korumak; c) \u00e7al\u0131\u015fanlar\u0131m\u0131z\u0131n veya hizmetlerimizin kullan\u0131c\u0131lar\u0131n\u0131n g\u00fcvenli\u011fini veya kamu g\u00fcvenli\u011fini korumak i\u00e7in acil \u00f6nlemler almak. Kay\u0131t oldu\u011funuzda ald\u0131\u011f\u0131m\u0131z ki\u015fisel bilgileriniz, hizmetlerimizi geli\u015ftirmek i\u00e7in bizimle birlikte \u00e7al\u0131\u015fan \u00fc\u00e7\u00fcnc\u00fc taraflar ve ki\u015filerle payla\u015f\u0131labilir. Ki\u015fisel bilgileriniz yukar\u0131daki ama\u00e7lar\u0131n hi\u00e7biri i\u00e7in kullan\u0131lmayacakt\u0131r. Kay\u0131t s\u0131ras\u0131nda verdi\u011finiz e-posta adresi, uygulamadaki de\u011fi\u015fikliklerle ilgili mesajlar veya bildirimler g\u00f6ndermenin yan\u0131 s\u0131ra \u015firketteki etkinlikler ve de\u011fi\u015fiklikler, yeni \u00fcr\u00fcnler ve hizmetler hakk\u0131nda \u00f6nemli bilgiler vb. hakk\u0131nda haberler g\u00f6ndermek i\u00e7in kullan\u0131l\u0131r.<\/p>\n<p><b>\u00c7erezlerin kullan\u0131m\u0131<\/b><br \/>\nBir kullan\u0131c\u0131 siteyi ziyaret etti\u011finde bilgisayar\u0131nda bir \u00e7erez saklan\u0131r (kullan\u0131c\u0131 bu t\u00fcr \u00e7erezlerin al\u0131nmas\u0131na izin verirse). Kullan\u0131c\u0131 siteyi daha \u00f6nce ziyaret etmi\u015fse kullan\u0131c\u0131n\u0131n bilgisayar\u0131ndan bir \u00e7erez okunabilir. \u00c7erezler, di\u011fer \u015feylerin yan\u0131 s\u0131ra, ziyaret\u00e7i istatistiklerini toplamak i\u00e7in kullan\u0131l\u0131r. Bu veriler, m\u00fc\u015fterilerimize g\u00f6nderdi\u011fimiz hangi bilgilerin onlar i\u00e7in daha de\u011ferli olabilece\u011fini belirlememizi sa\u011flar. Bunlar genel bir \u015fekilde toplan\u0131r ve asla kullan\u0131c\u0131 hakk\u0131nda ki\u015fisel bilgiler i\u00e7ermez.<\/p>\n<p>Google da dahil olmak \u00fczere \u00fc\u00e7\u00fcnc\u00fc taraflar, internet \u00fczerindeki sitelere \u015firketimiz i\u00e7in reklamlar yerle\u015ftirir. Google da dahil olmak \u00fczere \u00fc\u00e7\u00fcnc\u00fc taraflar, kullan\u0131c\u0131lara sitelerimize yapt\u0131klar\u0131 \u00f6nceki ziyaretlere ve web taray\u0131c\u0131lar\u0131ndaki ilgi alanlar\u0131na g\u00f6re reklamlar sunmak i\u00e7in \u00e7erezleri kullan\u0131r. Google&#8217;\u0131n bu \u00e7erezi kullanmas\u0131n\u0131 kapatabilirsiniz. Bunu yapmak i\u00e7in l\u00fctfen Google&#8217;\u0131n bu adresteki \u00f6zel sayfas\u0131n\u0131 ziyaret edin:<br \/>\n<a href=\"http:\/\/www.google.com\/privacy\/ads\/\">http:\/\/www.google.com\/privacy\/ads\/<\/a><\/p>\n<p><b>Gizli bilgi talebinde yap\u0131lan de\u011fi\u015fiklikle<\/b><br \/>\nGizli bilgi talebi d\u00fczenli olarak g\u00fcncellenmelidir. Son g\u00fcncellemenin tarihi belgenin \u00fcst k\u0131sm\u0131nda de\u011fi\u015fecektir. Bu de\u011fi\u015fikliklere ili\u015fkin bildirimler web sitemizde belirgin bir \u015fekilde yay\u0131nlanacakt\u0131r.<\/p>\n<p><b>Sistemimize g\u00f6sterdi\u011finiz ilgi i\u00e7in te\u015fekk\u00fcr ederiz!<\/b><\/p>\n","protected":false},"excerpt":{"rendered":"<p>Ki\u015fisel verilerin korunmas\u0131 Ki\u015fisel veriler girildi\u011finde, sa\u011fland\u0131\u011f\u0131nda veya i\u015flendi\u011finde koruma \u00f6nlemleri al\u0131n\u0131r. Ki\u015fisel bilgilerin a\u00e7\u0131klanmas\u0131 ve \u00fc\u00e7\u00fcnc\u00fc taraflara aktar\u0131lmas\u0131 Ki\u015fisel bilgileriniz yaln\u0131zca a\u015fa\u011f\u0131daki nedenlerle gerekli olmas\u0131 halinde if\u015fa edilebilir: a)&hellip;<\/p>\n","protected":false},"author":1,"featured_media":0,"parent":0,"menu_order":0,"comment_status":"closed","ping_status":"open","template":"","meta":{"footnotes":""},"class_list":["post-3","page","type-page","status-publish","hentry"],"_links":{"self":[{"href":"https:\/\/vittinonde.com\/index.php?rest_route=\/wp\/v2\/pages\/3","targetHints":{"allow":["GET"]}}],"collection":[{"href":"https:\/\/vittinonde.com\/index.php?rest_route=\/wp\/v2\/pages"}],"about":[{"href":"https:\/\/vittinonde.com\/index.php?rest_route=\/wp\/v2\/types\/page"}],"author":[{"embeddable":true,"href":"https:\/\/vittinonde.com\/index.php?rest_route=\/wp\/v2\/users\/1"}],"replies":[{"embeddable":true,"href":"https:\/\/vittinonde.com\/index.php?rest_route=%2Fwp%2Fv2%2Fcomments&post=3"}],"version-history":[{"count":2,"href":"https:\/\/vittinonde.com\/index.php?rest_route=\/wp\/v2\/pages\/3\/revisions"}],"predecessor-version":[{"id":1320,"href":"https:\/\/vittinonde.com\/index.php?rest_route=\/wp\/v2\/pages\/3\/revisions\/1320"}],"wp:attachment":[{"href":"https:\/\/vittinonde.com\/index.php?rest_route=%2Fwp%2Fv2%2Fmedia&parent=3"}],"curies":[{"name":"wp","href":"https:\/\/api.w.org\/{rel}","templated":true}]}}